{"id":2278,"date":"2025-07-01T13:54:08","date_gmt":"2025-07-01T13:54:08","guid":{"rendered":"https:\/\/www.acs-chemical.dz\/?post_type=product&#038;p=2278"},"modified":"2025-07-05T20:41:10","modified_gmt":"2025-07-05T20:41:10","slug":"mj-psa-6020","status":"publish","type":"product","link":"https:\/\/www.acs-chemical.dz\/fr\/products\/mj-psa-6020\/","title":{"rendered":"MJ-PSA-6020"},"content":{"rendered":"<p>Les techniciens professionnels sont toujours pr\u00eats \u00e0 satisfaire les besoins et les questions des clients. Veuillez contacter :<\/p>\n<p><i class=\"fas fa-phone\"><\/i> +213(0) 775 53 43 88<\/p>","protected":false},"excerpt":{"rendered":"<p>Superplastifiant\/Haut R\u00e9ducteur d\u2019eau polyvalent pour le b\u00e9ton pr\u00eat \u00e0 l\u2019emploi.<\/p>\n<h3>Description<\/h3>\n<p>MJ-PSA-6020 est un superplastifiant\nhaut r\u00e9ducteur d\u2019eau formul\u00e9 \u00e0 partir\nd\u2019une nouvelle mol\u00e9cule in\u00e9dite qui\nconf\u00e8re au b\u00e9ton des longs maintien\nrh\u00e9ologique (jusqu\u2019\u00e0 4h) ; il se pr\u00e9sente\nsous forme d\u2019un liquide transparent\nambre.<\/p>\n<p>Le MJ-PSA-6020 est compatible avec\ntous les types de ciment.<br \/>\nLe MJ-PSA-6020 permet d\u2019obtenir des\nb\u00e9tons de haute qualit\u00e9.<\/p>\n<h4>Domaines d\u2019application<\/h4>\n<p>Le MJ-PR-300 est utilis\u00e9 pour :<br \/>\n<i class=\"fas fa-xs fa-dot-circle\"><\/i> B\u00e9tons pr\u00eat \u00e0 l\u2019emploi BPE.<br \/>\n<i class=\"fas fa-xs fa-dot-circle\"><\/i> Les b\u00e9tons autopla\u00e7ants transport\u00e9\nsur de tr\u00e8s longues distances.<br \/>\n<i class=\"fas fa-xs fa-dot-circle\"><\/i> B\u00e9tonnage par temps chaud.<br \/>\n<i class=\"fas fa-xs fa-dot-circle\"><\/i> B\u00e9ton \u00e0 hautes performances.<br \/>\n<i class=\"fas fa-xs fa-dot-circle\"><\/i> B\u00e9ton d\u2019ouvrage fortement ferraill\u00e9.<br \/>\n<i class=\"fas fa-xs fa-dot-circle\"><\/i> B\u00e9tons pour fondation profondes.<br \/>\n<i class=\"fas fa-xs fa-dot-circle\"><\/i> B\u00e9ton avec coffrage tunnel.<br \/>\n<i class=\"fas fa-xs fa-dot-circle\"><\/i> B\u00e9tons de dallage industriels.<\/p>","protected":false},"featured_media":1694,"template":"","meta":[],"product_cat":[16],"product_tag":[],"class_list":["post-2278","product","type-product","status-publish","has-post-thumbnail","hentry","product_cat-superplasticizer"],"acf":[],"yoast_head":"<!-- This site is optimized with the Yoast SEO plugin v22.8 - https:\/\/yoast.com\/wordpress\/plugins\/seo\/ -->\n<title>MJ-PSA-6020 - ACS Chemical<\/title>\n<meta name=\"robots\" content=\"index, follow, max-snippet:-1, max-image-preview:large, max-video-preview:-1\" \/>\n<link rel=\"canonical\" href=\"https:\/\/www.acs-chemical.dz\/fr\/products\/mj-psa-6020\/\" \/>\n<meta property=\"og:locale\" content=\"fr_FR\" \/>\n<meta property=\"og:type\" content=\"article\" \/>\n<meta property=\"og:title\" content=\"MJ-PSA-6020 - ACS Chemical\" \/>\n<meta property=\"og:description\" content=\"Multipurpose superplasticizer\/high water reducer for ready-mix concrete.  Description MJ-PSA-6020 is a high water-reducing superplasticizer formulated from a new, unique molecule that gives concrete long rheological stability (up to 4 hours); it comes in the form of a transparent amber liquid.  MJ-PSA-6020 is compatible with all types of cement. MJ-PSA-6020 allows for the production of high-quality concrete.  Application The MJ-PR-300 is used for:  Ready-mix concrete BPE.  Self-compacting concrete transported over very long distances.  Concreting in hot weather.  High-performance concrete.  Heavily reinforced structural concrete.  Concrete for deep foundations.  Concrete with tunnel formwork.  Industrial paving concrete.\" \/>\n<meta property=\"og:url\" content=\"https:\/\/www.acs-chemical.dz\/fr\/products\/mj-psa-6020\/\" \/>\n<meta property=\"og:site_name\" content=\"ACS Chemical\" \/>\n<meta property=\"article:modified_time\" content=\"2025-07-05T20:41:10+00:00\" \/>\n<meta property=\"og:image\" content=\"https:\/\/www.acs-chemical.dz\/wp-content\/uploads\/2023\/04\/ACS-Chemical-container.png\" \/>\n\t<meta property=\"og:image:width\" content=\"768\" \/>\n\t<meta property=\"og:image:height\" content=\"768\" \/>\n\t<meta property=\"og:image:type\" content=\"image\/png\" \/>\n<meta name=\"twitter:card\" content=\"summary_large_image\" \/>\n<meta name=\"twitter:label1\" content=\"Dur\u00e9e de lecture estim\u00e9e\" \/>\n\t<meta name=\"twitter:data1\" content=\"1 minute\" \/>\n<script type=\"application\/ld+json\" class=\"yoast-schema-graph\">{\"@context\":\"https:\/\/schema.org\",\"@graph\":[{\"@type\":\"WebPage\",\"@id\":\"https:\/\/www.acs-chemical.dz\/products\/mj-psa-6020\/\",\"url\":\"https:\/\/www.acs-chemical.dz\/products\/mj-psa-6020\/\",\"name\":\"MJ-PSA-6020 - ACS Chemical\",\"isPartOf\":{\"@id\":\"https:\/\/www.acs-chemical.dz\/#website\"},\"primaryImageOfPage\":{\"@id\":\"https:\/\/www.acs-chemical.dz\/products\/mj-psa-6020\/#primaryimage\"},\"image\":{\"@id\":\"https:\/\/www.acs-chemical.dz\/products\/mj-psa-6020\/#primaryimage\"},\"thumbnailUrl\":\"https:\/\/www.acs-chemical.dz\/wp-content\/uploads\/2023\/04\/ACS-Chemical-container.png\",\"datePublished\":\"2025-07-01T13:54:08+00:00\",\"dateModified\":\"2025-07-05T20:41:10+00:00\",\"breadcrumb\":{\"@id\":\"https:\/\/www.acs-chemical.dz\/products\/mj-psa-6020\/#breadcrumb\"},\"inLanguage\":\"fr-FR\",\"potentialAction\":[{\"@type\":\"ReadAction\",\"target\":[\"https:\/\/www.acs-chemical.dz\/products\/mj-psa-6020\/\"]}]},{\"@type\":\"ImageObject\",\"inLanguage\":\"fr-FR\",\"@id\":\"https:\/\/www.acs-chemical.dz\/products\/mj-psa-6020\/#primaryimage\",\"url\":\"https:\/\/www.acs-chemical.dz\/wp-content\/uploads\/2023\/04\/ACS-Chemical-container.png\",\"contentUrl\":\"https:\/\/www.acs-chemical.dz\/wp-content\/uploads\/2023\/04\/ACS-Chemical-container.png\",\"width\":768,\"height\":768},{\"@type\":\"BreadcrumbList\",\"@id\":\"https:\/\/www.acs-chemical.dz\/products\/mj-psa-6020\/#breadcrumb\",\"itemListElement\":[{\"@type\":\"ListItem\",\"position\":1,\"name\":\"Accueil\",\"item\":\"https:\/\/www.acs-chemical.dz\/\"},{\"@type\":\"ListItem\",\"position\":2,\"name\":\"Products\",\"item\":\"https:\/\/www.acs-chemical.dz\/products\/\"},{\"@type\":\"ListItem\",\"position\":3,\"name\":\"MJ-PSA-6020\"}]},{\"@type\":\"WebSite\",\"@id\":\"https:\/\/www.acs-chemical.dz\/#website\",\"url\":\"https:\/\/www.acs-chemical.dz\/\",\"name\":\"ACS Chemical\",\"description\":\"Better Chemical Solutions\",\"publisher\":{\"@id\":\"https:\/\/www.acs-chemical.dz\/#organization\"},\"potentialAction\":[{\"@type\":\"SearchAction\",\"target\":{\"@type\":\"EntryPoint\",\"urlTemplate\":\"https:\/\/www.acs-chemical.dz\/?s={search_term_string}\"},\"query-input\":\"required name=search_term_string\"}],\"inLanguage\":\"fr-FR\"},{\"@type\":\"Organization\",\"@id\":\"https:\/\/www.acs-chemical.dz\/#organization\",\"name\":\"ACS Chemical\",\"url\":\"https:\/\/www.acs-chemical.dz\/\",\"logo\":{\"@type\":\"ImageObject\",\"inLanguage\":\"fr-FR\",\"@id\":\"https:\/\/www.acs-chemical.dz\/#\/schema\/logo\/image\/\",\"url\":\"https:\/\/www.acs-chemical.dz\/wp-content\/uploads\/2023\/03\/cropped-asc-chmical.png\",\"contentUrl\":\"https:\/\/www.acs-chemical.dz\/wp-content\/uploads\/2023\/03\/cropped-asc-chmical.png\",\"width\":402,\"height\":254,\"caption\":\"ACS Chemical\"},\"image\":{\"@id\":\"https:\/\/www.acs-chemical.dz\/#\/schema\/logo\/image\/\"}}]}<\/script>\n<!-- \/ Yoast SEO plugin. -->","yoast_head_json":{"title":"MJ-PSA-6020 - ACS Chemical","robots":{"index":"index","follow":"follow","max-snippet":"max-snippet:-1","max-image-preview":"max-image-preview:large","max-video-preview":"max-video-preview:-1"},"canonical":"https:\/\/www.acs-chemical.dz\/fr\/products\/mj-psa-6020\/","og_locale":"fr_FR","og_type":"article","og_title":"MJ-PSA-6020 - ACS Chemical","og_description":"Multipurpose superplasticizer\/high water reducer for ready-mix concrete.  Description MJ-PSA-6020 is a high water-reducing superplasticizer formulated from a new, unique molecule that gives concrete long rheological stability (up to 4 hours); it comes in the form of a transparent amber liquid.  MJ-PSA-6020 is compatible with all types of cement. MJ-PSA-6020 allows for the production of high-quality concrete.  Application The MJ-PR-300 is used for:  Ready-mix concrete BPE.  Self-compacting concrete transported over very long distances.  Concreting in hot weather.  High-performance concrete.  Heavily reinforced structural concrete.  Concrete for deep foundations.  Concrete with tunnel formwork.  Industrial paving concrete.","og_url":"https:\/\/www.acs-chemical.dz\/fr\/products\/mj-psa-6020\/","og_site_name":"ACS Chemical","article_modified_time":"2025-07-05T20:41:10+00:00","og_image":[{"width":768,"height":768,"url":"https:\/\/www.acs-chemical.dz\/wp-content\/uploads\/2023\/04\/ACS-Chemical-container.png","type":"image\/png"}],"twitter_card":"summary_large_image","twitter_misc":{"Dur\u00e9e de lecture estim\u00e9e":"1 minute"},"schema":{"@context":"https:\/\/schema.org","@graph":[{"@type":"WebPage","@id":"https:\/\/www.acs-chemical.dz\/products\/mj-psa-6020\/","url":"https:\/\/www.acs-chemical.dz\/products\/mj-psa-6020\/","name":"MJ-PSA-6020 - ACS Chemical","isPartOf":{"@id":"https:\/\/www.acs-chemical.dz\/#website"},"primaryImageOfPage":{"@id":"https:\/\/www.acs-chemical.dz\/products\/mj-psa-6020\/#primaryimage"},"image":{"@id":"https:\/\/www.acs-chemical.dz\/products\/mj-psa-6020\/#primaryimage"},"thumbnailUrl":"https:\/\/www.acs-chemical.dz\/wp-content\/uploads\/2023\/04\/ACS-Chemical-container.png","datePublished":"2025-07-01T13:54:08+00:00","dateModified":"2025-07-05T20:41:10+00:00","breadcrumb":{"@id":"https:\/\/www.acs-chemical.dz\/products\/mj-psa-6020\/#breadcrumb"},"inLanguage":"fr-FR","potentialAction":[{"@type":"ReadAction","target":["https:\/\/www.acs-chemical.dz\/products\/mj-psa-6020\/"]}]},{"@type":"ImageObject","inLanguage":"fr-FR","@id":"https:\/\/www.acs-chemical.dz\/products\/mj-psa-6020\/#primaryimage","url":"https:\/\/www.acs-chemical.dz\/wp-content\/uploads\/2023\/04\/ACS-Chemical-container.png","contentUrl":"https:\/\/www.acs-chemical.dz\/wp-content\/uploads\/2023\/04\/ACS-Chemical-container.png","width":768,"height":768},{"@type":"BreadcrumbList","@id":"https:\/\/www.acs-chemical.dz\/products\/mj-psa-6020\/#breadcrumb","itemListElement":[{"@type":"ListItem","position":1,"name":"Accueil","item":"https:\/\/www.acs-chemical.dz\/"},{"@type":"ListItem","position":2,"name":"Products","item":"https:\/\/www.acs-chemical.dz\/products\/"},{"@type":"ListItem","position":3,"name":"MJ-PSA-6020"}]},{"@type":"WebSite","@id":"https:\/\/www.acs-chemical.dz\/#website","url":"https:\/\/www.acs-chemical.dz\/","name":"ACS Chemical","description":"Better Chemical Solutions","publisher":{"@id":"https:\/\/www.acs-chemical.dz\/#organization"},"potentialAction":[{"@type":"SearchAction","target":{"@type":"EntryPoint","urlTemplate":"https:\/\/www.acs-chemical.dz\/?s={search_term_string}"},"query-input":"required name=search_term_string"}],"inLanguage":"fr-FR"},{"@type":"Organization","@id":"https:\/\/www.acs-chemical.dz\/#organization","name":"ACS Chemical","url":"https:\/\/www.acs-chemical.dz\/","logo":{"@type":"ImageObject","inLanguage":"fr-FR","@id":"https:\/\/www.acs-chemical.dz\/#\/schema\/logo\/image\/","url":"https:\/\/www.acs-chemical.dz\/wp-content\/uploads\/2023\/03\/cropped-asc-chmical.png","contentUrl":"https:\/\/www.acs-chemical.dz\/wp-content\/uploads\/2023\/03\/cropped-asc-chmical.png","width":402,"height":254,"caption":"ACS Chemical"},"image":{"@id":"https:\/\/www.acs-chemical.dz\/#\/schema\/logo\/image\/"}}]}},"_links":{"self":[{"href":"https:\/\/www.acs-chemical.dz\/fr\/wp-json\/wp\/v2\/product\/2278","targetHints":{"allow":["GET"]}}],"collection":[{"href":"https:\/\/www.acs-chemical.dz\/fr\/wp-json\/wp\/v2\/product"}],"about":[{"href":"https:\/\/www.acs-chemical.dz\/fr\/wp-json\/wp\/v2\/types\/product"}],"wp:featuredmedia":[{"embeddable":true,"href":"https:\/\/www.acs-chemical.dz\/fr\/wp-json\/wp\/v2\/media\/1694"}],"wp:attachment":[{"href":"https:\/\/www.acs-chemical.dz\/fr\/wp-json\/wp\/v2\/media?parent=2278"}],"wp:term":[{"taxonomy":"product_cat","embeddable":true,"href":"https:\/\/www.acs-chemical.dz\/fr\/wp-json\/wp\/v2\/product_cat?post=2278"},{"taxonomy":"product_tag","embeddable":true,"href":"https:\/\/www.acs-chemical.dz\/fr\/wp-json\/wp\/v2\/product_tag?post=2278"}],"curies":[{"name":"wp","href":"https:\/\/api.w.org\/{rel}","templated":true}]}}