{"id":2212,"date":"2023-06-04T14:08:10","date_gmt":"2023-06-04T14:08:10","guid":{"rendered":"https:\/\/www.acs-chemical.dz\/?post_type=product&#038;p=2212"},"modified":"2024-12-23T15:08:06","modified_gmt":"2024-12-23T15:08:06","slug":"acs-flow-sr","status":"publish","type":"product","link":"https:\/\/www.acs-chemical.dz\/fr\/products\/acs-flow-sr\/","title":{"rendered":"ACS-FLOW-SR"},"content":{"rendered":"<p>Les techniciens professionnels sont toujours pr\u00eats \u00e0 satisfaire les besoins et les questions des clients. Veuillez contacter :<\/p>\n<p><i class=\"fas fa-phone\"><\/i> +213(0) 775 53 43 88<\/p>","protected":false},"excerpt":{"rendered":"<p>Superplastifiant polycarboxylate pour une r\u00e9tention \u00e9lev\u00e9e de l'affaissement.<\/p>\n<h4>Description<\/h4>\n<p><strong>ACS-FLOW-SR<\/strong>\u00a0is a high range water reducing polycarboxylate superplasticizer, designed for maximum initial flow of concrete.<\/p>\n<h4>Domaines d\u2019application<\/h4>\n<p><strong>ACS-FLOW-SR<\/strong>\u00a0keeps slump and work-ability for an extended time. It\u2019s recommended to be used for medium binder ready-mix concrete where high slump retention and extended workability are required.<\/p>\n<p><i class=\"fas fa-xs fa-dot-circle\"><\/i> B\u00e9ton pr\u00eat \u00e0 l'emploi \u00e0 liant moyen.<br \/>\n<i class=\"fas fa-xs fa-dot-circle\"><\/i> B\u00e9ton autopla\u00e7ant.<\/p>","protected":false},"featured_media":1694,"template":"","meta":[],"product_cat":[16],"product_tag":[],"class_list":["post-2212","product","type-product","status-publish","has-post-thumbnail","hentry","product_cat-superplasticizer"],"acf":[],"yoast_head":"<!-- This site is optimized with the Yoast SEO plugin v22.8 - https:\/\/yoast.com\/wordpress\/plugins\/seo\/ -->\n<title>ACS-FLOW-SR - ACS Chemical<\/title>\n<meta name=\"robots\" content=\"index, follow, max-snippet:-1, max-image-preview:large, max-video-preview:-1\" \/>\n<link rel=\"canonical\" href=\"https:\/\/www.acs-chemical.dz\/fr\/products\/acs-flow-sr\/\" \/>\n<meta property=\"og:locale\" content=\"fr_FR\" \/>\n<meta property=\"og:type\" content=\"article\" \/>\n<meta property=\"og:title\" content=\"ACS-FLOW-SR - ACS Chemical\" \/>\n<meta property=\"og:description\" content=\"Polycarboxylate superplasticizer for high slump retention. Description ACS-FLOW-SR\u00a0is a high range water reducing polycarboxylate superplasticizer, designed for maximum initial flow of concrete. Application ACS-FLOW-SR\u00a0keeps slump and work-ability for an extended time. It\u2019s recommended to be used for medium binder ready-mix concrete where high slump retention and extended workability are required.   Medium binder ready-mix concrete.  Self compacting concrete.\" \/>\n<meta property=\"og:url\" content=\"https:\/\/www.acs-chemical.dz\/fr\/products\/acs-flow-sr\/\" \/>\n<meta property=\"og:site_name\" content=\"ACS Chemical\" \/>\n<meta property=\"article:modified_time\" content=\"2024-12-23T15:08:06+00:00\" \/>\n<meta property=\"og:image\" content=\"https:\/\/www.acs-chemical.dz\/wp-content\/uploads\/2023\/04\/ACS-Chemical-container.png\" \/>\n\t<meta property=\"og:image:width\" content=\"768\" \/>\n\t<meta property=\"og:image:height\" content=\"768\" \/>\n\t<meta property=\"og:image:type\" content=\"image\/png\" \/>\n<meta name=\"twitter:card\" content=\"summary_large_image\" \/>\n<meta name=\"twitter:label1\" content=\"Dur\u00e9e de lecture estim\u00e9e\" \/>\n\t<meta name=\"twitter:data1\" content=\"1 minute\" \/>\n<script type=\"application\/ld+json\" class=\"yoast-schema-graph\">{\"@context\":\"https:\/\/schema.org\",\"@graph\":[{\"@type\":\"WebPage\",\"@id\":\"https:\/\/www.acs-chemical.dz\/products\/acs-flow-sr\/\",\"url\":\"https:\/\/www.acs-chemical.dz\/products\/acs-flow-sr\/\",\"name\":\"ACS-FLOW-SR - ACS Chemical\",\"isPartOf\":{\"@id\":\"https:\/\/www.acs-chemical.dz\/#website\"},\"primaryImageOfPage\":{\"@id\":\"https:\/\/www.acs-chemical.dz\/products\/acs-flow-sr\/#primaryimage\"},\"image\":{\"@id\":\"https:\/\/www.acs-chemical.dz\/products\/acs-flow-sr\/#primaryimage\"},\"thumbnailUrl\":\"https:\/\/www.acs-chemical.dz\/wp-content\/uploads\/2023\/04\/ACS-Chemical-container.png\",\"datePublished\":\"2023-06-04T14:08:10+00:00\",\"dateModified\":\"2024-12-23T15:08:06+00:00\",\"breadcrumb\":{\"@id\":\"https:\/\/www.acs-chemical.dz\/products\/acs-flow-sr\/#breadcrumb\"},\"inLanguage\":\"fr-FR\",\"potentialAction\":[{\"@type\":\"ReadAction\",\"target\":[\"https:\/\/www.acs-chemical.dz\/products\/acs-flow-sr\/\"]}]},{\"@type\":\"ImageObject\",\"inLanguage\":\"fr-FR\",\"@id\":\"https:\/\/www.acs-chemical.dz\/products\/acs-flow-sr\/#primaryimage\",\"url\":\"https:\/\/www.acs-chemical.dz\/wp-content\/uploads\/2023\/04\/ACS-Chemical-container.png\",\"contentUrl\":\"https:\/\/www.acs-chemical.dz\/wp-content\/uploads\/2023\/04\/ACS-Chemical-container.png\",\"width\":768,\"height\":768},{\"@type\":\"BreadcrumbList\",\"@id\":\"https:\/\/www.acs-chemical.dz\/products\/acs-flow-sr\/#breadcrumb\",\"itemListElement\":[{\"@type\":\"ListItem\",\"position\":1,\"name\":\"Accueil\",\"item\":\"https:\/\/www.acs-chemical.dz\/\"},{\"@type\":\"ListItem\",\"position\":2,\"name\":\"Products\",\"item\":\"https:\/\/www.acs-chemical.dz\/products\/\"},{\"@type\":\"ListItem\",\"position\":3,\"name\":\"ACS-FLOW-SR\"}]},{\"@type\":\"WebSite\",\"@id\":\"https:\/\/www.acs-chemical.dz\/#website\",\"url\":\"https:\/\/www.acs-chemical.dz\/\",\"name\":\"ACS Chemical\",\"description\":\"Better Chemical Solutions\",\"publisher\":{\"@id\":\"https:\/\/www.acs-chemical.dz\/#organization\"},\"potentialAction\":[{\"@type\":\"SearchAction\",\"target\":{\"@type\":\"EntryPoint\",\"urlTemplate\":\"https:\/\/www.acs-chemical.dz\/?s={search_term_string}\"},\"query-input\":\"required name=search_term_string\"}],\"inLanguage\":\"fr-FR\"},{\"@type\":\"Organization\",\"@id\":\"https:\/\/www.acs-chemical.dz\/#organization\",\"name\":\"ACS Chemical\",\"url\":\"https:\/\/www.acs-chemical.dz\/\",\"logo\":{\"@type\":\"ImageObject\",\"inLanguage\":\"fr-FR\",\"@id\":\"https:\/\/www.acs-chemical.dz\/#\/schema\/logo\/image\/\",\"url\":\"https:\/\/www.acs-chemical.dz\/wp-content\/uploads\/2023\/03\/cropped-asc-chmical.png\",\"contentUrl\":\"https:\/\/www.acs-chemical.dz\/wp-content\/uploads\/2023\/03\/cropped-asc-chmical.png\",\"width\":402,\"height\":254,\"caption\":\"ACS Chemical\"},\"image\":{\"@id\":\"https:\/\/www.acs-chemical.dz\/#\/schema\/logo\/image\/\"}}]}<\/script>\n<!-- \/ Yoast SEO plugin. -->","yoast_head_json":{"title":"ACS-FLOW-SR - ACS Chemical","robots":{"index":"index","follow":"follow","max-snippet":"max-snippet:-1","max-image-preview":"max-image-preview:large","max-video-preview":"max-video-preview:-1"},"canonical":"https:\/\/www.acs-chemical.dz\/fr\/products\/acs-flow-sr\/","og_locale":"fr_FR","og_type":"article","og_title":"ACS-FLOW-SR - ACS Chemical","og_description":"Polycarboxylate superplasticizer for high slump retention. Description ACS-FLOW-SR\u00a0is a high range water reducing polycarboxylate superplasticizer, designed for maximum initial flow of concrete. Application ACS-FLOW-SR\u00a0keeps slump and work-ability for an extended time. It\u2019s recommended to be used for medium binder ready-mix concrete where high slump retention and extended workability are required.   Medium binder ready-mix concrete.  Self compacting concrete.","og_url":"https:\/\/www.acs-chemical.dz\/fr\/products\/acs-flow-sr\/","og_site_name":"ACS Chemical","article_modified_time":"2024-12-23T15:08:06+00:00","og_image":[{"width":768,"height":768,"url":"https:\/\/www.acs-chemical.dz\/wp-content\/uploads\/2023\/04\/ACS-Chemical-container.png","type":"image\/png"}],"twitter_card":"summary_large_image","twitter_misc":{"Dur\u00e9e de lecture estim\u00e9e":"1 minute"},"schema":{"@context":"https:\/\/schema.org","@graph":[{"@type":"WebPage","@id":"https:\/\/www.acs-chemical.dz\/products\/acs-flow-sr\/","url":"https:\/\/www.acs-chemical.dz\/products\/acs-flow-sr\/","name":"ACS-FLOW-SR - ACS Chemical","isPartOf":{"@id":"https:\/\/www.acs-chemical.dz\/#website"},"primaryImageOfPage":{"@id":"https:\/\/www.acs-chemical.dz\/products\/acs-flow-sr\/#primaryimage"},"image":{"@id":"https:\/\/www.acs-chemical.dz\/products\/acs-flow-sr\/#primaryimage"},"thumbnailUrl":"https:\/\/www.acs-chemical.dz\/wp-content\/uploads\/2023\/04\/ACS-Chemical-container.png","datePublished":"2023-06-04T14:08:10+00:00","dateModified":"2024-12-23T15:08:06+00:00","breadcrumb":{"@id":"https:\/\/www.acs-chemical.dz\/products\/acs-flow-sr\/#breadcrumb"},"inLanguage":"fr-FR","potentialAction":[{"@type":"ReadAction","target":["https:\/\/www.acs-chemical.dz\/products\/acs-flow-sr\/"]}]},{"@type":"ImageObject","inLanguage":"fr-FR","@id":"https:\/\/www.acs-chemical.dz\/products\/acs-flow-sr\/#primaryimage","url":"https:\/\/www.acs-chemical.dz\/wp-content\/uploads\/2023\/04\/ACS-Chemical-container.png","contentUrl":"https:\/\/www.acs-chemical.dz\/wp-content\/uploads\/2023\/04\/ACS-Chemical-container.png","width":768,"height":768},{"@type":"BreadcrumbList","@id":"https:\/\/www.acs-chemical.dz\/products\/acs-flow-sr\/#breadcrumb","itemListElement":[{"@type":"ListItem","position":1,"name":"Accueil","item":"https:\/\/www.acs-chemical.dz\/"},{"@type":"ListItem","position":2,"name":"Products","item":"https:\/\/www.acs-chemical.dz\/products\/"},{"@type":"ListItem","position":3,"name":"ACS-FLOW-SR"}]},{"@type":"WebSite","@id":"https:\/\/www.acs-chemical.dz\/#website","url":"https:\/\/www.acs-chemical.dz\/","name":"ACS Chemical","description":"Better Chemical Solutions","publisher":{"@id":"https:\/\/www.acs-chemical.dz\/#organization"},"potentialAction":[{"@type":"SearchAction","target":{"@type":"EntryPoint","urlTemplate":"https:\/\/www.acs-chemical.dz\/?s={search_term_string}"},"query-input":"required name=search_term_string"}],"inLanguage":"fr-FR"},{"@type":"Organization","@id":"https:\/\/www.acs-chemical.dz\/#organization","name":"ACS Chemical","url":"https:\/\/www.acs-chemical.dz\/","logo":{"@type":"ImageObject","inLanguage":"fr-FR","@id":"https:\/\/www.acs-chemical.dz\/#\/schema\/logo\/image\/","url":"https:\/\/www.acs-chemical.dz\/wp-content\/uploads\/2023\/03\/cropped-asc-chmical.png","contentUrl":"https:\/\/www.acs-chemical.dz\/wp-content\/uploads\/2023\/03\/cropped-asc-chmical.png","width":402,"height":254,"caption":"ACS Chemical"},"image":{"@id":"https:\/\/www.acs-chemical.dz\/#\/schema\/logo\/image\/"}}]}},"_links":{"self":[{"href":"https:\/\/www.acs-chemical.dz\/fr\/wp-json\/wp\/v2\/product\/2212","targetHints":{"allow":["GET"]}}],"collection":[{"href":"https:\/\/www.acs-chemical.dz\/fr\/wp-json\/wp\/v2\/product"}],"about":[{"href":"https:\/\/www.acs-chemical.dz\/fr\/wp-json\/wp\/v2\/types\/product"}],"wp:featuredmedia":[{"embeddable":true,"href":"https:\/\/www.acs-chemical.dz\/fr\/wp-json\/wp\/v2\/media\/1694"}],"wp:attachment":[{"href":"https:\/\/www.acs-chemical.dz\/fr\/wp-json\/wp\/v2\/media?parent=2212"}],"wp:term":[{"taxonomy":"product_cat","embeddable":true,"href":"https:\/\/www.acs-chemical.dz\/fr\/wp-json\/wp\/v2\/product_cat?post=2212"},{"taxonomy":"product_tag","embeddable":true,"href":"https:\/\/www.acs-chemical.dz\/fr\/wp-json\/wp\/v2\/product_tag?post=2212"}],"curies":[{"name":"wp","href":"https:\/\/api.w.org\/{rel}","templated":true}]}}