{"id":874,"date":"2022-08-22T16:17:50","date_gmt":"2022-08-22T16:17:50","guid":{"rendered":"https:\/\/weblearnbd.net\/wp\/bioxlab\/?page_id=874"},"modified":"2024-12-23T14:03:04","modified_gmt":"2024-12-23T14:03:04","slug":"contact","status":"publish","type":"page","link":"https:\/\/www.acs-chemical.dz\/fr\/contact\/","title":{"rendered":"Contact"},"content":{"rendered":"<div data-elementor-type=\"wp-page\" data-elementor-id=\"874\" class=\"elementor elementor-874\">\n\t\t\t\t\t\t\t\t\t<section class=\"elementor-section elementor-top-section elementor-element elementor-element-074ad30 elementor-section-boxed elementor-section-height-default elementor-section-height-default\" data-id=\"074ad30\" data-element_type=\"section\">\n\t\t\t\t\t\t<div class=\"elementor-container elementor-column-gap-default\">\n\t\t\t\t\t<div class=\"elementor-column elementor-col-66 elementor-top-column elementor-element elementor-element-28a3e1a\" data-id=\"28a3e1a\" data-element_type=\"column\">\n\t\t\t<div class=\"elementor-widget-wrap elementor-element-populated\">\n\t\t\t\t\t\t\t\t<div class=\"elementor-element elementor-element-de78e7b elementor-widget elementor-widget-contactform\" data-id=\"de78e7b\" data-element_type=\"widget\" data-widget_type=\"contactform.default\">\n\t\t\t\t<div class=\"elementor-widget-container\">\n\t\t\t\r\n\r\n<div class=\"contactform wow fadeInRight ele-section\" data-wow-delay=\".4s\">\r\n                    <!-- <i class=\"fa-light fa-file-signature\"> -->\r\n        <h2 class=\"contactform__title mb-35 ele-title\">Envoyer un message<\/h2>\r\n            \r\n    <div class=\"contactform__list mb-60\">\r\n                <div class=\"form-wrapper\">\r\n            \n<div class=\"wpcf7 no-js\" id=\"wpcf7-f886-o1\" lang=\"en-US\" dir=\"ltr\">\n<div class=\"screen-reader-response\"><p role=\"status\" aria-live=\"polite\" aria-atomic=\"true\"><\/p> <ul><\/ul><\/div>\n<form action=\"\/fr\/wp-json\/wp\/v2\/pages\/874#wpcf7-f886-o1\" method=\"post\" class=\"wpcf7-form init\" aria-label=\"Contact form\" novalidate=\"novalidate\" data-status=\"init\" data-trp-original-action=\"\/fr\/wp-json\/wp\/v2\/pages\/874#wpcf7-f886-o1\">\n<div style=\"display: none;\">\n<input type=\"hidden\" name=\"_wpcf7\" value=\"886\" \/>\n<input type=\"hidden\" name=\"_wpcf7_version\" value=\"5.9.5\" \/>\n<input type=\"hidden\" name=\"_wpcf7_locale\" value=\"en_US\" \/>\n<input type=\"hidden\" name=\"_wpcf7_unit_tag\" value=\"wpcf7-f886-o1\" \/>\n<input type=\"hidden\" name=\"_wpcf7_container_post\" value=\"0\" \/>\n<input type=\"hidden\" name=\"_wpcf7_posted_data_hash\" value=\"\" \/>\n<\/div>\n<div class=\"row\">\n    <div class=\"col-lg-6\">\n    <div class=\"contactform__input mb-20\">\n        <span class=\"wpcf7-form-control-wrap\" data-name=\"tpc-name\"><input size=\"40\" class=\"wpcf7-form-control wpcf7-text wpcf7-validates-as-required\" aria-required=\"true\" aria-invalid=\"false\" placeholder=\"Votre Nom\" value=\"\" type=\"text\" name=\"tpc-name\" \/><\/span>\n    <\/div>\n    <\/div>\n    <div class=\"col-lg-6\">\n    <div class=\"contactform__input mb-20\">\n        <span class=\"wpcf7-form-control-wrap\" data-name=\"tpc-phone\"><input size=\"40\" class=\"wpcf7-form-control wpcf7-text\" aria-invalid=\"false\" placeholder=\"Votre N\u00b0 T\u00e9l\u00e9phone\" value=\"\" type=\"text\" name=\"tpc-phone\" \/><\/span>\n    <\/div>\n    <\/div>\n\n    <div class=\"col-lg-12\">\n    <div class=\"contactform__input mb-20\">\n        <span class=\"wpcf7-form-control-wrap\" data-name=\"tpc-email\"><input size=\"40\" class=\"wpcf7-form-control wpcf7-email wpcf7-validates-as-required wpcf7-text wpcf7-validates-as-email\" aria-required=\"true\" aria-invalid=\"false\" placeholder=\"Votre Email\" value=\"\" type=\"email\" name=\"tpc-email\" \/><\/span>\n    <\/div>\n    <\/div>\n    \n    <div class=\"col-lg-12\">\n    <div class=\"contactform__input mb-20\">\n        <span class=\"wpcf7-form-control-wrap\" data-name=\"tpc-message\"><textarea cols=\"40\" rows=\"10\" class=\"wpcf7-form-control wpcf7-textarea wpcf7-validates-as-required\" aria-required=\"true\" aria-invalid=\"false\" placeholder=\"Message\" name=\"tpc-message\"><\/textarea><\/span>\n    <\/div>\n    <\/div>\n    <div class=\"col-lg-12\">\n    <div class=\"contactform__input mb-20-btn\">\n        <button type=\"submit\" class=\"tp-btn\">Envoyer<\/button>\n    <\/div>\n    <\/div>\n<\/div><div class=\"wpcf7-response-output\" aria-hidden=\"true\"><\/div>\n<input type=\"hidden\" name=\"trp-form-language\" value=\"fr\"\/><\/form>\n<\/div>\n        <\/div>\r\n            <\/div>\r\n<\/div>\r\n\r\n\t\t<\/div>\n\t\t\t\t<\/div>\n\t\t\t\t<div class=\"elementor-element elementor-element-b7d4e96 elementor-widget elementor-widget-html\" data-id=\"b7d4e96\" data-element_type=\"widget\" data-widget_type=\"html.default\">\n\t\t\t\t<div class=\"elementor-widget-container\">\n\t\t\t<iframe src=\"https:\/\/www.google.com\/maps\/embed?pb=!1m18!1m12!1m3!1d2262.005100539229!2d3.3019989748789635!3d36.69954173408306!2m3!1f0!2f0!3f0!3m2!1i1024!2i768!4f13.1!3m3!1m2!1s0x128e5bdf3f6f599d%3A0xcef4ab72b95e0414!2sSARL%20MEi%20JING!5e0!3m2!1sfr!2sdz!4v1683471568665!5m2!1sfr!2sdz\" height=\"400\" style=\"border:0;\" allowfullscreen=\"\" loading=\"lazy\" referrerpolicy=\"no-referrer-when-downgrade\"><\/iframe>\t\t<\/div>\n\t\t\t\t<\/div>\n\t\t\t\t\t<\/div>\n\t\t<\/div>\n\t\t\t\t<div class=\"elementor-column elementor-col-33 elementor-top-column elementor-element elementor-element-f9fad8a\" data-id=\"f9fad8a\" data-element_type=\"column\">\n\t\t\t<div class=\"elementor-widget-wrap elementor-element-populated\">\n\t\t\t\t\t\t\t\t<div class=\"elementor-element elementor-element-d6ad8fb elementor-widget elementor-widget-contact-info-box\" data-id=\"d6ad8fb\" data-element_type=\"widget\" data-widget_type=\"contact-info-box.default\">\n\t\t\t\t<div class=\"elementor-widget-container\">\n\t\t\t\r\n                <div class=\"tpcontact mr-60 mb-60 wow fadeInUp ele-section\" data-wow-delay=\".2s\">\r\n            <div class=\"tpcontact__item text-center\">\r\n                <div class=\"tpcontact__icon mb-20\">\r\n                                        <span class=\"fea__icon ele-feature-icon\">\r\n                                                        <img decoding=\"async\" class=\"light\" src=\"https:\/\/weblearnbd.net\/wp\/bioxlab\/wp-content\/uploads\/2022\/08\/contact-01.png\" alt=\"\">\r\n                                                <\/span>\r\n                                    <\/div>\r\n                <div class=\"tpcontact__address\">\r\n                                            <h4 class=\"tpcontact__title mb-15 ele-feature-title\">Adresse<\/h4>\r\n                    \r\n\t\t\t\t\t\t\t\t\t\t    <span class=\"ele-feature-content\">Chebacheb, Lot N\u00b001 Groupe N\u00b01202,\nKhemis El Khechna - Boumerd\u00e8s.<\/span>\r\n\t\t\t\t\t                <\/div>\r\n            <\/div>\r\n        <\/div>\r\n                <div class=\"tpcontact mr-60 mb-60 wow fadeInUp ele-section\" data-wow-delay=\".2s\">\r\n            <div class=\"tpcontact__item text-center\">\r\n                <div class=\"tpcontact__icon mb-20\">\r\n                                        <span class=\"fea__icon ele-feature-icon\">\r\n                                                        <img decoding=\"async\" class=\"light\" src=\"https:\/\/weblearnbd.net\/wp\/bioxlab\/wp-content\/uploads\/2022\/08\/contact-02.png\" alt=\"\">\r\n                                                <\/span>\r\n                                    <\/div>\r\n                <div class=\"tpcontact__address\">\r\n                                            <h4 class=\"tpcontact__title mb-15 ele-feature-title\">Num\u00e9ros de t\u00e9l\u00e9phone<\/h4>\r\n                    \r\n\t\t\t\t\t\t\t\t\t\t    <span class=\"ele-feature-content\">+213(0) 541 29 29 29\n<br>\n+213(0) 540 96 85 66\n<br>\n<br>\n<b>Service Commercial<\/b>\n<br>\n+213(0) 775 53 43 88<\/span>\r\n\t\t\t\t\t                <\/div>\r\n            <\/div>\r\n        <\/div>\r\n                <div class=\"tpcontact mr-60 mb-60 wow fadeInUp ele-section\" data-wow-delay=\".2s\">\r\n            <div class=\"tpcontact__item text-center\">\r\n                <div class=\"tpcontact__icon mb-20\">\r\n                                        <span class=\"fea__icon ele-feature-icon\">\r\n                                                        <img decoding=\"async\" class=\"light\" src=\"https:\/\/weblearnbd.net\/wp\/bioxlab\/wp-content\/uploads\/2022\/08\/contact-03.png\" alt=\"\">\r\n                                                <\/span>\r\n                                    <\/div>\r\n                <div class=\"tpcontact__address\">\r\n                                            <h4 class=\"tpcontact__title mb-15 ele-feature-title\">Horaires d'ouvertures<\/h4>\r\n                    \r\n\t\t\t\t\t\t\t\t\t\t    <span class=\"ele-feature-content\">Dimanche - Jeudi\n<br>\n09:00 - 17:00<\/span>\r\n\t\t\t\t\t                <\/div>\r\n            <\/div>\r\n        <\/div>\r\n        \r\n        \t\t<\/div>\n\t\t\t\t<\/div>\n\t\t\t\t\t<\/div>\n\t\t<\/div>\n\t\t\t\t\t\t\t<\/div>\n\t\t<\/section>\n\t\t\t\t\t\t\t<\/div>","protected":false},"excerpt":{"rendered":"<p>Send a message Send Address Chebacheb, Lot N\u00b001 Groupe N\u00b01202, Khemis El Khechna &#8211; Boumerd\u00e8s. Phone Numbers +213(0) 541 29 29 29 +213(0) 540 96 85 66 Service Commercial +213(0) 775 53 43 88 Opening Hours Sunday &#8211; Thursday 09:00 AM &#8211; 05:00 PM<\/p>","protected":false},"author":1,"featured_media":0,"parent":0,"menu_order":0,"comment_status":"closed","ping_status":"closed","template":"elementor_header_footer","meta":{"footnotes":""},"class_list":["post-874","page","type-page","status-publish","hentry"],"acf":[],"yoast_head":"<!-- This site is optimized with the Yoast SEO plugin v22.8 - https:\/\/yoast.com\/wordpress\/plugins\/seo\/ -->\n<title>Contact - ACS Chemical<\/title>\n<meta name=\"robots\" content=\"index, follow, max-snippet:-1, max-image-preview:large, max-video-preview:-1\" \/>\n<link rel=\"canonical\" href=\"https:\/\/www.acs-chemical.dz\/fr\/contact\/\" \/>\n<meta property=\"og:locale\" content=\"fr_FR\" \/>\n<meta property=\"og:type\" content=\"article\" \/>\n<meta property=\"og:title\" content=\"Contact - ACS Chemical\" \/>\n<meta property=\"og:description\" content=\"Send a message Send Address Chebacheb, Lot N\u00b001 Groupe N\u00b01202, Khemis El Khechna &#8211; Boumerd\u00e8s. Phone Numbers +213(0) 541 29 29 29 +213(0) 540 96 85 66 Service Commercial +213(0) 775 53 43 88 Opening Hours Sunday &#8211; Thursday 09:00 AM &#8211; 05:00 PM\" \/>\n<meta property=\"og:url\" content=\"https:\/\/www.acs-chemical.dz\/fr\/contact\/\" \/>\n<meta property=\"og:site_name\" content=\"ACS Chemical\" \/>\n<meta property=\"article:modified_time\" content=\"2024-12-23T14:03:04+00:00\" \/>\n<meta property=\"og:image\" content=\"https:\/\/weblearnbd.net\/wp\/bioxlab\/wp-content\/uploads\/2022\/08\/contact-01.png\" \/>\n<meta name=\"twitter:card\" content=\"summary_large_image\" \/>\n<meta name=\"twitter:label1\" content=\"Dur\u00e9e de lecture estim\u00e9e\" \/>\n\t<meta name=\"twitter:data1\" content=\"1 minute\" \/>\n<script type=\"application\/ld+json\" class=\"yoast-schema-graph\">{\"@context\":\"https:\/\/schema.org\",\"@graph\":[{\"@type\":\"WebPage\",\"@id\":\"https:\/\/www.acs-chemical.dz\/contact\/\",\"url\":\"https:\/\/www.acs-chemical.dz\/contact\/\",\"name\":\"Contact - ACS Chemical\",\"isPartOf\":{\"@id\":\"https:\/\/www.acs-chemical.dz\/#website\"},\"primaryImageOfPage\":{\"@id\":\"https:\/\/www.acs-chemical.dz\/contact\/#primaryimage\"},\"image\":{\"@id\":\"https:\/\/www.acs-chemical.dz\/contact\/#primaryimage\"},\"thumbnailUrl\":\"https:\/\/weblearnbd.net\/wp\/bioxlab\/wp-content\/uploads\/2022\/08\/contact-01.png\",\"datePublished\":\"2022-08-22T16:17:50+00:00\",\"dateModified\":\"2024-12-23T14:03:04+00:00\",\"breadcrumb\":{\"@id\":\"https:\/\/www.acs-chemical.dz\/contact\/#breadcrumb\"},\"inLanguage\":\"fr-FR\",\"potentialAction\":[{\"@type\":\"ReadAction\",\"target\":[\"https:\/\/www.acs-chemical.dz\/contact\/\"]}]},{\"@type\":\"ImageObject\",\"inLanguage\":\"fr-FR\",\"@id\":\"https:\/\/www.acs-chemical.dz\/contact\/#primaryimage\",\"url\":\"https:\/\/weblearnbd.net\/wp\/bioxlab\/wp-content\/uploads\/2022\/08\/contact-01.png\",\"contentUrl\":\"https:\/\/weblearnbd.net\/wp\/bioxlab\/wp-content\/uploads\/2022\/08\/contact-01.png\"},{\"@type\":\"BreadcrumbList\",\"@id\":\"https:\/\/www.acs-chemical.dz\/contact\/#breadcrumb\",\"itemListElement\":[{\"@type\":\"ListItem\",\"position\":1,\"name\":\"Accueil\",\"item\":\"https:\/\/www.acs-chemical.dz\/\"},{\"@type\":\"ListItem\",\"position\":2,\"name\":\"Contact\"}]},{\"@type\":\"WebSite\",\"@id\":\"https:\/\/www.acs-chemical.dz\/#website\",\"url\":\"https:\/\/www.acs-chemical.dz\/\",\"name\":\"ACS Chemical\",\"description\":\"Better Chemical Solutions\",\"publisher\":{\"@id\":\"https:\/\/www.acs-chemical.dz\/#organization\"},\"potentialAction\":[{\"@type\":\"SearchAction\",\"target\":{\"@type\":\"EntryPoint\",\"urlTemplate\":\"https:\/\/www.acs-chemical.dz\/?s={search_term_string}\"},\"query-input\":\"required name=search_term_string\"}],\"inLanguage\":\"fr-FR\"},{\"@type\":\"Organization\",\"@id\":\"https:\/\/www.acs-chemical.dz\/#organization\",\"name\":\"ACS Chemical\",\"url\":\"https:\/\/www.acs-chemical.dz\/\",\"logo\":{\"@type\":\"ImageObject\",\"inLanguage\":\"fr-FR\",\"@id\":\"https:\/\/www.acs-chemical.dz\/#\/schema\/logo\/image\/\",\"url\":\"https:\/\/www.acs-chemical.dz\/wp-content\/uploads\/2023\/03\/cropped-asc-chmical.png\",\"contentUrl\":\"https:\/\/www.acs-chemical.dz\/wp-content\/uploads\/2023\/03\/cropped-asc-chmical.png\",\"width\":402,\"height\":254,\"caption\":\"ACS Chemical\"},\"image\":{\"@id\":\"https:\/\/www.acs-chemical.dz\/#\/schema\/logo\/image\/\"}}]}<\/script>\n<!-- \/ Yoast SEO plugin. -->","yoast_head_json":{"title":"Contact - ACS Chemical","robots":{"index":"index","follow":"follow","max-snippet":"max-snippet:-1","max-image-preview":"max-image-preview:large","max-video-preview":"max-video-preview:-1"},"canonical":"https:\/\/www.acs-chemical.dz\/fr\/contact\/","og_locale":"fr_FR","og_type":"article","og_title":"Contact - ACS Chemical","og_description":"Send a message Send Address Chebacheb, Lot N\u00b001 Groupe N\u00b01202, Khemis El Khechna &#8211; Boumerd\u00e8s. Phone Numbers +213(0) 541 29 29 29 +213(0) 540 96 85 66 Service Commercial +213(0) 775 53 43 88 Opening Hours Sunday &#8211; Thursday 09:00 AM &#8211; 05:00 PM","og_url":"https:\/\/www.acs-chemical.dz\/fr\/contact\/","og_site_name":"ACS Chemical","article_modified_time":"2024-12-23T14:03:04+00:00","og_image":[{"url":"https:\/\/weblearnbd.net\/wp\/bioxlab\/wp-content\/uploads\/2022\/08\/contact-01.png"}],"twitter_card":"summary_large_image","twitter_misc":{"Dur\u00e9e de lecture estim\u00e9e":"1 minute"},"schema":{"@context":"https:\/\/schema.org","@graph":[{"@type":"WebPage","@id":"https:\/\/www.acs-chemical.dz\/contact\/","url":"https:\/\/www.acs-chemical.dz\/contact\/","name":"Contact - ACS Chemical","isPartOf":{"@id":"https:\/\/www.acs-chemical.dz\/#website"},"primaryImageOfPage":{"@id":"https:\/\/www.acs-chemical.dz\/contact\/#primaryimage"},"image":{"@id":"https:\/\/www.acs-chemical.dz\/contact\/#primaryimage"},"thumbnailUrl":"https:\/\/weblearnbd.net\/wp\/bioxlab\/wp-content\/uploads\/2022\/08\/contact-01.png","datePublished":"2022-08-22T16:17:50+00:00","dateModified":"2024-12-23T14:03:04+00:00","breadcrumb":{"@id":"https:\/\/www.acs-chemical.dz\/contact\/#breadcrumb"},"inLanguage":"fr-FR","potentialAction":[{"@type":"ReadAction","target":["https:\/\/www.acs-chemical.dz\/contact\/"]}]},{"@type":"ImageObject","inLanguage":"fr-FR","@id":"https:\/\/www.acs-chemical.dz\/contact\/#primaryimage","url":"https:\/\/weblearnbd.net\/wp\/bioxlab\/wp-content\/uploads\/2022\/08\/contact-01.png","contentUrl":"https:\/\/weblearnbd.net\/wp\/bioxlab\/wp-content\/uploads\/2022\/08\/contact-01.png"},{"@type":"BreadcrumbList","@id":"https:\/\/www.acs-chemical.dz\/contact\/#breadcrumb","itemListElement":[{"@type":"ListItem","position":1,"name":"Accueil","item":"https:\/\/www.acs-chemical.dz\/"},{"@type":"ListItem","position":2,"name":"Contact"}]},{"@type":"WebSite","@id":"https:\/\/www.acs-chemical.dz\/#website","url":"https:\/\/www.acs-chemical.dz\/","name":"ACS Chemical","description":"Better Chemical Solutions","publisher":{"@id":"https:\/\/www.acs-chemical.dz\/#organization"},"potentialAction":[{"@type":"SearchAction","target":{"@type":"EntryPoint","urlTemplate":"https:\/\/www.acs-chemical.dz\/?s={search_term_string}"},"query-input":"required name=search_term_string"}],"inLanguage":"fr-FR"},{"@type":"Organization","@id":"https:\/\/www.acs-chemical.dz\/#organization","name":"ACS Chemical","url":"https:\/\/www.acs-chemical.dz\/","logo":{"@type":"ImageObject","inLanguage":"fr-FR","@id":"https:\/\/www.acs-chemical.dz\/#\/schema\/logo\/image\/","url":"https:\/\/www.acs-chemical.dz\/wp-content\/uploads\/2023\/03\/cropped-asc-chmical.png","contentUrl":"https:\/\/www.acs-chemical.dz\/wp-content\/uploads\/2023\/03\/cropped-asc-chmical.png","width":402,"height":254,"caption":"ACS Chemical"},"image":{"@id":"https:\/\/www.acs-chemical.dz\/#\/schema\/logo\/image\/"}}]}},"_links":{"self":[{"href":"https:\/\/www.acs-chemical.dz\/fr\/wp-json\/wp\/v2\/pages\/874","targetHints":{"allow":["GET"]}}],"collection":[{"href":"https:\/\/www.acs-chemical.dz\/fr\/wp-json\/wp\/v2\/pages"}],"about":[{"href":"https:\/\/www.acs-chemical.dz\/fr\/wp-json\/wp\/v2\/types\/page"}],"author":[{"embeddable":true,"href":"https:\/\/www.acs-chemical.dz\/fr\/wp-json\/wp\/v2\/users\/1"}],"replies":[{"embeddable":true,"href":"https:\/\/www.acs-chemical.dz\/fr\/wp-json\/wp\/v2\/comments?post=874"}],"version-history":[{"count":40,"href":"https:\/\/www.acs-chemical.dz\/fr\/wp-json\/wp\/v2\/pages\/874\/revisions"}],"predecessor-version":[{"id":2254,"href":"https:\/\/www.acs-chemical.dz\/fr\/wp-json\/wp\/v2\/pages\/874\/revisions\/2254"}],"wp:attachment":[{"href":"https:\/\/www.acs-chemical.dz\/fr\/wp-json\/wp\/v2\/media?parent=874"}],"curies":[{"name":"wp","href":"https:\/\/api.w.org\/{rel}","templated":true}]}}